{"id":55,"date":"2025-02-02T21:43:46","date_gmt":"2025-02-02T21:43:46","guid":{"rendered":"https:\/\/prej-duarve.com\/?page_id=55"},"modified":"2025-02-24T19:02:37","modified_gmt":"2025-02-24T19:02:37","slug":"about","status":"publish","type":"page","link":"https:\/\/prej-duarve.com\/index.php\/about\/","title":{"rendered":"Rreth Nesh"},"content":{"rendered":"\n<div style=\"height:30px\" aria-hidden=\"true\" class=\"wp-block-spacer\"><\/div>\n\n\n\n<div class=\"wp-block-columns is-layout-flex wp-container-core-columns-is-layout-1 wp-block-columns-is-layout-flex\">\n<div class=\"wp-block-column is-layout-flow wp-block-column-is-layout-flow\" style=\"flex-basis:60%\"><\/div>\n\n\n\n<div class=\"wp-block-column is-layout-flow wp-block-column-is-layout-flow\" style=\"flex-basis:40%\">\n<h3 class=\"wp-block-heading has-text-align-left\">Historia jon\u00eb<\/h3>\n<\/div>\n<\/div>\n\n\n\n<div class=\"wp-block-columns are-vertically-aligned-center is-layout-flex wp-container-core-columns-is-layout-2 wp-block-columns-is-layout-flex\">\n<div class=\"wp-block-column is-vertically-aligned-center is-layout-flow wp-block-column-is-layout-flow\" style=\"flex-basis:60%\">\n<figure style=\"margin-top:0;margin-bottom:0\" class=\"wp-block-video\"><video controls src=\"https:\/\/prej-duarve.com\/wp-content\/uploads\/2025\/02\/WhatsApp-Video-2025-02-23-at-00.18.26.mp4\" playsinline><\/video><\/figure>\n<\/div>\n\n\n\n<div class=\"wp-block-column is-vertically-aligned-center is-layout-flow wp-block-column-is-layout-flow\" style=\"flex-basis:40%\">\n<div class=\"wp-block-group is-vertical is-layout-flex wp-container-core-group-is-layout-1 wp-block-group-is-layout-flex\">\n<p>Mir\u00eb se vini n\u00eb &#8220;<strong>Prej Duarve<\/strong>&#8220;, nj\u00eb punishte unike suvenir\u00ebsh e vendosur n\u00eb komunitetin e Fush\u00eb-M\u00ebzez\u00ebs. Historia jon\u00eb nisi me \u00ebndrr\u00ebn p\u00ebr t\u00eb krijuar nj\u00eb dhurat\u00eb me kuptim, q\u00eb lidh artin, tradit\u00ebn dhe q\u00ebndrueshm\u00ebrin\u00eb. N\u00eb hap\u00ebsir\u00ebn ton\u00eb t\u00eb rind\u00ebrtuar me kujdes, ne transformojm\u00eb vazo balte n\u00eb vepra arti t\u00eb jasht\u00ebzakonshme. \u00c7do krijim \u00ebsht\u00eb modifikuar, prer\u00eb dhe pikturuar p\u00ebr t\u00eb reflektuar trash\u00ebgimin\u00eb e pasur dhe magjin\u00eb e Shqip\u00ebris\u00eb.<\/p>\n<\/div>\n\n\n\n<p>Suveniret tona kapin bukurin\u00eb e peizazheve qytetare shqiptare dhe motiveve tradicionale, duke festuar kultur\u00ebn dhe identitetin e vendit ton\u00eb. P\u00ebrdorimi i sukulent\u00ebve n\u00eb dizajnet tona \u00ebsht\u00eb i frym\u00ebzuar nga q\u00ebndrueshm\u00ebria dhe aft\u00ebsia e tyre p\u00ebr t\u00eb mbijetuar edhe n\u00eb mjediset m\u00eb t\u00eb v\u00ebshtira\u2014nj\u00eb metafor\u00eb p\u00ebr qasjen ton\u00eb ndaj artit dhe jet\u00ebs.<\/p>\n<\/div>\n<\/div>\n\n\n\n<div style=\"height:39px\" aria-hidden=\"true\" class=\"wp-block-spacer\"><\/div>\n\n\n\n<div class=\"wp-block-columns is-layout-flex wp-container-core-columns-is-layout-3 wp-block-columns-is-layout-flex\">\n<div class=\"wp-block-column is-layout-flow wp-block-column-is-layout-flow\" style=\"flex-basis:40%\">\n<h3 class=\"wp-block-heading has-text-align-left\">Misioni jon\u00eb<\/h3>\n<\/div>\n\n\n\n<div class=\"wp-block-column is-layout-flow wp-block-column-is-layout-flow\" style=\"flex-basis:60%\"><\/div>\n<\/div>\n\n\n\n<div class=\"wp-block-columns mission-container is-layout-flex wp-container-core-columns-is-layout-4 wp-block-columns-is-layout-flex\">\n<div class=\"wp-block-column is-vertically-aligned-center is-layout-flow wp-block-column-is-layout-flow\" style=\"flex-basis:60%\">\n<figure class=\"wp-block-image size-full has-custom-border lower-section\"><img loading=\"lazy\" decoding=\"async\" width=\"2560\" height=\"1440\" src=\"https:\/\/prej-duarve.com\/wp-content\/uploads\/2025\/02\/Hands_Prej-Duarve-edited-scaled.jpeg\" alt=\"\" class=\"wp-image-878\" style=\"border-style:none;border-width:0px;border-radius:28px\" srcset=\"https:\/\/prej-duarve.com\/wp-content\/uploads\/2025\/02\/Hands_Prej-Duarve-edited-scaled.jpeg 2560w, https:\/\/prej-duarve.com\/wp-content\/uploads\/2025\/02\/Hands_Prej-Duarve-edited-300x169.jpeg 300w, https:\/\/prej-duarve.com\/wp-content\/uploads\/2025\/02\/Hands_Prej-Duarve-edited-1024x576.jpeg 1024w, https:\/\/prej-duarve.com\/wp-content\/uploads\/2025\/02\/Hands_Prej-Duarve-edited-768x432.jpeg 768w, https:\/\/prej-duarve.com\/wp-content\/uploads\/2025\/02\/Hands_Prej-Duarve-edited-1536x864.jpeg 1536w, https:\/\/prej-duarve.com\/wp-content\/uploads\/2025\/02\/Hands_Prej-Duarve-edited-2048x1152.jpeg 2048w, https:\/\/prej-duarve.com\/wp-content\/uploads\/2025\/02\/Hands_Prej-Duarve-edited-600x338.jpeg 600w\" sizes=\"auto, (max-width: 2560px) 100vw, 2560px\" \/><\/figure>\n<\/div>\n\n\n\n<div class=\"wp-block-column is-layout-flow wp-block-column-is-layout-flow\" style=\"flex-basis:40%\">\n<div class=\"wp-block-group is-vertical is-layout-flex wp-container-core-group-is-layout-2 wp-block-group-is-layout-flex\">\n<p>N\u00eb Prej Duarve, ne krenohemi q\u00eb jemi m\u00eb shum\u00eb se nj\u00eb sip\u00ebrmarrje krijuese; ne jemi nj\u00eb iniciativ\u00eb e drejtuar nga komuniteti, e angazhuar p\u00ebr t\u00eb b\u00ebr\u00eb nj\u00eb ndryshim. Pun\u00ebtoria jon\u00eb \u00ebsht\u00eb nj\u00eb hap\u00ebsir\u00eb \u200b\u200bp\u00ebrfshirjeje dhe mund\u00ebsie, ku angazhojm\u00eb individ\u00eb me aft\u00ebsi t\u00eb kufizuara dhe p\u00ebrqafojm\u00eb diversitetin me krah\u00eb hapur. Frym\u00ebzuar nga misioni i organizat\u00ebs partnere &#8220;Autizmi Flet&#8221;, udh\u00ebtimi yn\u00eb filloi me fokus n\u00eb fuqizimin e atyre q\u00eb shpesh anashkalohen n\u00eb shoq\u00ebri. Ne besojm\u00eb n\u00eb fuqin\u00eb e bashk\u00ebpunimit dhe mbetemi t\u00eb hapur p\u00ebr t\u00eb punuar me organizata dhe individ\u00eb q\u00eb ndajn\u00eb vlerat tona t\u00eb barazis\u00eb dhe fuqizimit. <br>Motoja jon\u00eb, &#8220;<strong>Njer\u00ebz t\u00eb art\u00eb, duar t\u00eb arta&#8221;<\/strong>, pasqyron besimin ton\u00eb se secili zot\u00ebron aft\u00ebsi dhe talente unike q\u00eb, kur ushqehen, mund t\u00eb krijojn\u00eb di\u00e7ka t\u00eb jasht\u00ebzakonshme.<\/p>\n<\/div>\n<\/div>\n<\/div>\n\n\n\n<div style=\"height:39px\" aria-hidden=\"true\" class=\"wp-block-spacer\"><\/div>\n\n\n\n<div class=\"wp-block-columns is-layout-flex wp-container-core-columns-is-layout-5 wp-block-columns-is-layout-flex\">\n<div class=\"wp-block-column is-layout-flow wp-block-column-is-layout-flow\" style=\"flex-basis:60%\"><\/div>\n\n\n\n<div class=\"wp-block-column is-layout-flow wp-block-column-is-layout-flow\" style=\"flex-basis:40%\">\n<h3 class=\"wp-block-heading has-text-align-left\">Rreth Bim\u00ebs<\/h3>\n<\/div>\n<\/div>\n\n\n\n<div class=\"wp-block-columns are-vertically-aligned-center is-layout-flex wp-container-core-columns-is-layout-6 wp-block-columns-is-layout-flex\">\n<div class=\"wp-block-column is-vertically-aligned-center is-layout-flow wp-block-column-is-layout-flow\" style=\"flex-basis:60%\">\n<figure class=\"wp-block-image size-full has-custom-border\"><img loading=\"lazy\" decoding=\"async\" width=\"1600\" height=\"900\" src=\"https:\/\/prej-duarve.com\/wp-content\/uploads\/2025\/02\/Succulent-edited.jpg\" alt=\"\" class=\"wp-image-880\" style=\"border-style:none;border-width:0px;border-radius:28px\" srcset=\"https:\/\/prej-duarve.com\/wp-content\/uploads\/2025\/02\/Succulent-edited.jpg 1600w, https:\/\/prej-duarve.com\/wp-content\/uploads\/2025\/02\/Succulent-edited-300x169.jpg 300w, https:\/\/prej-duarve.com\/wp-content\/uploads\/2025\/02\/Succulent-edited-1024x576.jpg 1024w, https:\/\/prej-duarve.com\/wp-content\/uploads\/2025\/02\/Succulent-edited-768x432.jpg 768w, https:\/\/prej-duarve.com\/wp-content\/uploads\/2025\/02\/Succulent-edited-1536x864.jpg 1536w, https:\/\/prej-duarve.com\/wp-content\/uploads\/2025\/02\/Succulent-edited-600x338.jpg 600w\" sizes=\"auto, (max-width: 1600px) 100vw, 1600px\" \/><\/figure>\n<\/div>\n\n\n\n<div class=\"wp-block-column is-vertically-aligned-center is-layout-flow wp-block-column-is-layout-flow\" style=\"flex-basis:40%\">\n<p>Sukulentet jan\u00eb bim\u00eb t\u00eb ve\u00e7anta, simbol i forc\u00ebs, q\u00ebndrueshm\u00ebris\u00eb dhe bukuris\u00eb natyrore. T\u00eb njohura p\u00ebr aft\u00ebsin\u00eb e tyre p\u00ebr t\u00eb mbijetuar edhe n\u00eb kushtet m\u00eb t\u00eb v\u00ebshtira, sukulentet jan\u00eb ideale p\u00ebr \u00e7do hap\u00ebsir\u00eb, duke sjell\u00eb nj\u00eb prekje gjall\u00ebrie dhe freskie me format dhe ngjyrat e tyre unike. Fal\u00eb aft\u00ebsis\u00eb p\u00ebr t\u00eb ruajtur ujin n\u00eb gjethe, k\u00ebto bim\u00eb k\u00ebrkojn\u00eb shum\u00eb pak kujdes, duke i b\u00ebr\u00eb perfekte p\u00ebr ata q\u00eb d\u00ebshirojn\u00eb nj\u00eb gjelb\u00ebrim t\u00eb leht\u00eb p\u00ebr t\u2019u mir\u00ebmbajtur.<\/p>\n\n\n\n<p><strong>K\u00ebshilla p\u00ebr Kujdesin e Sukulenteve<\/strong><\/p>\n\n\n\n<p><strong>Ujitja<\/strong>: Sukulentet k\u00ebrkojn\u00eb pak uj\u00eb. Ujitini vet\u00ebm kur dheu \u00ebsht\u00eb plot\u00ebsisht i that\u00eb, zakonisht nj\u00eb her\u00eb n\u00eb 5-7 dit\u00eb, n\u00eb var\u00ebsi t\u00eb temperatur\u00ebs dhe lag\u00ebshtis\u00eb s\u00eb ambientit. Shmangni mbajtjen e vazos me uj\u00eb t\u00eb tep\u00ebrt p\u00ebr t\u00eb parandaluar kalbjen e rr\u00ebnj\u00ebve.<\/p>\n\n\n\n<p><strong>Drita<\/strong>: Vendosini sukulentet n\u00eb nj\u00eb vend me ndri\u00e7im t\u00eb mir\u00eb natyral, duke siguruar t\u00eb pakt\u00ebn <strong>1 or\u00eb drit\u00eb n\u00eb dit\u00eb<\/strong>. Drita e filtruar ose dielli i m\u00ebngjesit \u00ebsht\u00eb ideal p\u00ebr rritjen dhe ngjyr\u00ebn e sh\u00ebndetshme t\u00eb gjetheve.<\/p>\n<\/div>\n<\/div>\n\n\n\n<div style=\"height:28px\" aria-hidden=\"true\" class=\"wp-block-spacer\"><\/div>\n\n\n\n<div class=\"wp-block-kadence-spacer aligncenter kt-block-spacer-55_b5d7fa-5e\"><div class=\"kt-block-spacer kt-block-spacer-halign-center\"><hr class=\"kt-divider\"\/><\/div><\/div>\n\n\n\n<div class=\"wp-block-group is-vertical is-content-justification-center is-layout-flex wp-container-core-group-is-layout-3 wp-block-group-is-layout-flex\">\n<p class=\"has-text-align-center\"><strong>Bim\u00ebt e p\u00ebrkryera p\u00ebr \u00e7do ambient<\/strong><\/p>\n\n\n\n<p class=\"has-text-align-center\">Fal\u00eb kujdesit minimal q\u00eb k\u00ebrkojn\u00eb, sukulentet jan\u00eb ideale p\u00ebr sht\u00ebpi, zyra apo ambiente me pak hap\u00ebsir\u00eb t\u00eb gjelb\u00ebruar. Ato jo vet\u00ebm q\u00eb dekorojn\u00eb me hijeshin\u00eb e tyre natyrale, por edhe kontribuojn\u00eb n\u00eb nj\u00eb mjedis m\u00eb t\u00eb sh\u00ebndetsh\u00ebm duke p\u00ebrmir\u00ebsuar cil\u00ebsin\u00eb e ajrit. <\/p>\n\n\n\n<p class=\"has-text-align-center\">Sukulentet q\u00eb p\u00ebrdorim n\u00eb krijimet tona artizanale jan\u00eb zgjedhur p\u00ebr t\u00eb harmonizuar me vazot <strong>Prej Duarve<\/strong>, duke sjell\u00eb jo vet\u00ebm nj\u00eb detaj dekorativ, por edhe nj\u00eb simbol t\u00eb rritjes dhe q\u00ebndrueshm\u00ebris\u00eb. <\/p>\n<\/div>\n","protected":false},"excerpt":{"rendered":"<p>Historia jon\u00eb Mir\u00eb se vini n\u00eb &#8220;Prej Duarve&#8220;, nj\u00eb punishte unike suvenir\u00ebsh e vendosur n\u00eb komunitetin e Fush\u00eb-M\u00ebzez\u00ebs. Historia jon\u00eb nisi me \u00ebndrr\u00ebn p\u00ebr t\u00eb krijuar nj\u00eb dhurat\u00eb me kuptim, q\u00eb lidh artin, tradit\u00ebn dhe q\u00ebndrueshm\u00ebrin\u00eb. N\u00eb hap\u00ebsir\u00ebn ton\u00eb t\u00eb rind\u00ebrtuar me kujdes, ne transformojm\u00eb vazo balte n\u00eb vepra arti t\u00eb jasht\u00ebzakonshme. \u00c7do krijim \u00ebsht\u00eb [&hellip;]<\/p>\n","protected":false},"author":1,"featured_media":17,"parent":0,"menu_order":0,"comment_status":"closed","ping_status":"closed","template":"wp-custom-template-single-product","meta":{"footnotes":""},"class_list":["post-55","page","type-page","status-publish","has-post-thumbnail","hentry"],"_links":{"self":[{"href":"https:\/\/prej-duarve.com\/index.php\/wp-json\/wp\/v2\/pages\/55","targetHints":{"allow":["GET"]}}],"collection":[{"href":"https:\/\/prej-duarve.com\/index.php\/wp-json\/wp\/v2\/pages"}],"about":[{"href":"https:\/\/prej-duarve.com\/index.php\/wp-json\/wp\/v2\/types\/page"}],"author":[{"embeddable":true,"href":"https:\/\/prej-duarve.com\/index.php\/wp-json\/wp\/v2\/users\/1"}],"replies":[{"embeddable":true,"href":"https:\/\/prej-duarve.com\/index.php\/wp-json\/wp\/v2\/comments?post=55"}],"version-history":[{"count":35,"href":"https:\/\/prej-duarve.com\/index.php\/wp-json\/wp\/v2\/pages\/55\/revisions"}],"predecessor-version":[{"id":884,"href":"https:\/\/prej-duarve.com\/index.php\/wp-json\/wp\/v2\/pages\/55\/revisions\/884"}],"wp:featuredmedia":[{"embeddable":true,"href":"https:\/\/prej-duarve.com\/index.php\/wp-json\/wp\/v2\/media\/17"}],"wp:attachment":[{"href":"https:\/\/prej-duarve.com\/index.php\/wp-json\/wp\/v2\/media?parent=55"}],"curies":[{"name":"wp","href":"https:\/\/api.w.org\/{rel}","templated":true}]}}