{"id":137,"date":"2025-02-02T21:28:03","date_gmt":"2025-02-02T21:28:03","guid":{"rendered":"https:\/\/prej-duarve.com\/?post_type=product&#038;p=137"},"modified":"2025-02-15T13:56:33","modified_gmt":"2025-02-15T13:56:33","slug":"fshati","status":"publish","type":"product","link":"https:\/\/prej-duarve.com\/index.php\/product\/fshati\/","title":{"rendered":"Fshati"},"content":{"rendered":"<p>P\u00ebrmasat:<\/p>\n<p>Lart\u00ebsia: 26 cm<\/p>\n<p>Gjer\u00ebsia: 32 cm<\/p>\n<p>Gjat\u00ebsia: 27 cm<\/p>\n","protected":false},"excerpt":{"rendered":"<p>&#8220;Fshati&#8221; \u00ebsht\u00eb permbledhja e bukuris\u00eb dhe ngroht\u00ebsis\u00eb se jet\u00ebs rurale, frym\u00ebzuar nga fshatrat piktoresk\u00eb shqiptar\u00eb dhe t\u00eb huaj. \u00c7do vazo, e punuar me p\u00ebrkushtim, sjell detajet karakteristike t\u00eb sht\u00ebpive tradicionale \u2013 \u00e7atit\u00eb me tjegulla, dritaret e vogla dhe muret prej guri apo druri. T\u00eb krijuara me materiale miq\u00ebsore ndaj mjedisit, k\u00ebto vazo mbajn\u00eb nj\u00eb sukulent apo kaktus, simbol i q\u00ebndrueshm\u00ebris\u00eb dhe harmonis\u00eb me natyr\u00ebn. &#8220;Fshati&#8221; sjell nj\u00eb cop\u00ebz prej andej ku koha ec\u00ebn m\u00eb ngadal\u00eb dhe jeta lidhet ngusht\u00eb me tok\u00ebn.<\/p>\n","protected":false},"featured_media":366,"comment_status":"open","ping_status":"closed","template":"","meta":[],"product_brand":[],"product_cat":[23,24],"product_tag":[],"class_list":{"0":"post-137","1":"product","2":"type-product","3":"status-publish","4":"has-post-thumbnail","6":"product_cat-produktet","7":"product_cat-vazo","9":"first","10":"instock","11":"shipping-taxable","12":"purchasable","13":"product-type-simple"},"_links":{"self":[{"href":"https:\/\/prej-duarve.com\/index.php\/wp-json\/wp\/v2\/product\/137","targetHints":{"allow":["GET"]}}],"collection":[{"href":"https:\/\/prej-duarve.com\/index.php\/wp-json\/wp\/v2\/product"}],"about":[{"href":"https:\/\/prej-duarve.com\/index.php\/wp-json\/wp\/v2\/types\/product"}],"replies":[{"embeddable":true,"href":"https:\/\/prej-duarve.com\/index.php\/wp-json\/wp\/v2\/comments?post=137"}],"wp:featuredmedia":[{"embeddable":true,"href":"https:\/\/prej-duarve.com\/index.php\/wp-json\/wp\/v2\/media\/366"}],"wp:attachment":[{"href":"https:\/\/prej-duarve.com\/index.php\/wp-json\/wp\/v2\/media?parent=137"}],"wp:term":[{"taxonomy":"product_brand","embeddable":true,"href":"https:\/\/prej-duarve.com\/index.php\/wp-json\/wp\/v2\/product_brand?post=137"},{"taxonomy":"product_cat","embeddable":true,"href":"https:\/\/prej-duarve.com\/index.php\/wp-json\/wp\/v2\/product_cat?post=137"},{"taxonomy":"product_tag","embeddable":true,"href":"https:\/\/prej-duarve.com\/index.php\/wp-json\/wp\/v2\/product_tag?post=137"}],"curies":[{"name":"wp","href":"https:\/\/api.w.org\/{rel}","templated":true}]}}