{"id":139,"date":"2025-02-02T21:33:00","date_gmt":"2025-02-02T21:33:00","guid":{"rendered":"https:\/\/prej-duarve.com\/?post_type=product&#038;p=139"},"modified":"2025-02-17T17:26:10","modified_gmt":"2025-02-17T17:26:10","slug":"beba-e-madhe","status":"publish","type":"product","link":"https:\/\/prej-duarve.com\/index.php\/product\/beba-e-madhe\/","title":{"rendered":"Beba e Vog\u00ebl"},"content":{"rendered":"<p>P\u00ebrmasat:<\/p>\n<p>Lart\u00ebsia: 20 cm<\/p>\n<p>Gjer\u00ebsia: 19 cm<\/p>\n<p>Gjat\u00ebsia: 16 cm<\/p>\n","protected":false},"excerpt":{"rendered":"<p>\u201cBeba e Vog\u00ebl\u201d \u00ebsht\u00eb nj\u00eb miniatur\u00eb e \u00ebmb\u00ebl e dashuris\u00eb prind\u00ebrore, e krijuar p\u00ebr t\u2019iu dedikuar f\u00ebmij\u00ebve me p\u00ebrkujdesje dhe ngroht\u00ebsi. Ashtu si \u201cBeba e Madhe\u201d, edhe kjo vazo vjen n\u00eb form\u00ebn e personalizuar t\u00eb vog\u00eblushit tuaj, e punuar me detaje unike q\u00eb pasqyrojn\u00eb karakterin dhe buz\u00ebqeshjen e tij. Nj\u00eb dhurat\u00eb e ve\u00e7ant\u00eb p\u00ebr t\u00eb dekoruar dhom\u00ebn e f\u00ebmij\u00ebs apo p\u00ebr t\u00eb ruajtur nj\u00eb kujtim t\u00eb \u00e7muar q\u00eb rritet me ta. \u201cBeba e Vog\u00ebl\u201d \u00ebsht\u00eb m\u00eb shum\u00eb se nj\u00eb suvenir \u2013 \u00ebsht\u00eb nj\u00eb p\u00ebrqafim i p\u00ebrjetsh\u00ebm, i gdhendur n\u00eb art.<\/p>\n<p>&nbsp;<\/p>\n<p>&nbsp;<\/p>\n","protected":false},"featured_media":362,"comment_status":"open","ping_status":"closed","template":"","meta":[],"product_brand":[],"product_cat":[23,24],"product_tag":[],"class_list":{"0":"post-139","1":"product","2":"type-product","3":"status-publish","4":"has-post-thumbnail","6":"product_cat-produktet","7":"product_cat-vazo","9":"first","10":"instock","11":"shipping-taxable","12":"purchasable","13":"product-type-simple"},"_links":{"self":[{"href":"https:\/\/prej-duarve.com\/index.php\/wp-json\/wp\/v2\/product\/139","targetHints":{"allow":["GET"]}}],"collection":[{"href":"https:\/\/prej-duarve.com\/index.php\/wp-json\/wp\/v2\/product"}],"about":[{"href":"https:\/\/prej-duarve.com\/index.php\/wp-json\/wp\/v2\/types\/product"}],"replies":[{"embeddable":true,"href":"https:\/\/prej-duarve.com\/index.php\/wp-json\/wp\/v2\/comments?post=139"}],"wp:featuredmedia":[{"embeddable":true,"href":"https:\/\/prej-duarve.com\/index.php\/wp-json\/wp\/v2\/media\/362"}],"wp:attachment":[{"href":"https:\/\/prej-duarve.com\/index.php\/wp-json\/wp\/v2\/media?parent=139"}],"wp:term":[{"taxonomy":"product_brand","embeddable":true,"href":"https:\/\/prej-duarve.com\/index.php\/wp-json\/wp\/v2\/product_brand?post=139"},{"taxonomy":"product_cat","embeddable":true,"href":"https:\/\/prej-duarve.com\/index.php\/wp-json\/wp\/v2\/product_cat?post=139"},{"taxonomy":"product_tag","embeddable":true,"href":"https:\/\/prej-duarve.com\/index.php\/wp-json\/wp\/v2\/product_tag?post=139"}],"curies":[{"name":"wp","href":"https:\/\/api.w.org\/{rel}","templated":true}]}}