{"id":141,"date":"2025-02-02T21:34:03","date_gmt":"2025-02-02T21:34:03","guid":{"rendered":"https:\/\/prej-duarve.com\/?post_type=product&#038;p=141"},"modified":"2025-02-17T16:47:16","modified_gmt":"2025-02-17T16:47:16","slug":"beba-shqiptare","status":"publish","type":"product","link":"https:\/\/prej-duarve.com\/index.php\/product\/beba-shqiptare\/","title":{"rendered":"Beba Shqiptare"},"content":{"rendered":"<p>Permasat:<\/p>\n<p>Lart\u00ebsia: 26.5 cm<\/p>\n<p>Gjer\u00ebsia: 26.5 cm<\/p>\n<p>Gjat\u00ebsia: 18 cm<\/p>\n","protected":false},"excerpt":{"rendered":"<p>\u201cBeba Shqiptare\u201d \u00ebsht\u00eb nj\u00eb vazo unike q\u00eb sjell shpirtin dhe tradit\u00ebn e krahinave shqiptare n\u00eb nj\u00eb form\u00eb artistike dhe t\u00eb personalizuar. E veshur me kostume tradicionale t\u00eb punuara me detaje autentike, \u201cBeba Shqiptare\u201d p\u00ebrfaq\u00ebson pasurin\u00eb kulturore dhe identitetin e \u00e7do treve, nga xhubleta e Veriut te dimit\u00eb e Jugut. \u00c7do krijim \u00ebsht\u00eb nj\u00eb nd\u00ebrthurje e mjesht\u00ebris\u00eb artizanale dhe dashuris\u00eb p\u00ebr rr\u00ebnj\u00ebt tona, duke e b\u00ebr\u00eb nj\u00eb dhurat\u00eb t\u00eb ve\u00e7ant\u00eb p\u00ebr \u00e7do shqiptar q\u00eb d\u00ebshiron t\u00eb mbaj\u00eb gjall\u00eb trash\u00ebgimin\u00eb e tij. E p\u00ebrshtatshme p\u00ebr \u00e7do ambient, kjo vazo \u00ebsht\u00eb nj\u00eb cop\u00ebz historie dhe krenarie komb\u00ebtare.<\/p>\n","protected":false},"featured_media":363,"comment_status":"open","ping_status":"closed","template":"","meta":[],"product_brand":[],"product_cat":[23,24],"product_tag":[],"class_list":{"0":"post-141","1":"product","2":"type-product","3":"status-publish","4":"has-post-thumbnail","6":"product_cat-produktet","7":"product_cat-vazo","9":"first","10":"instock","11":"shipping-taxable","12":"purchasable","13":"product-type-simple"},"_links":{"self":[{"href":"https:\/\/prej-duarve.com\/index.php\/wp-json\/wp\/v2\/product\/141","targetHints":{"allow":["GET"]}}],"collection":[{"href":"https:\/\/prej-duarve.com\/index.php\/wp-json\/wp\/v2\/product"}],"about":[{"href":"https:\/\/prej-duarve.com\/index.php\/wp-json\/wp\/v2\/types\/product"}],"replies":[{"embeddable":true,"href":"https:\/\/prej-duarve.com\/index.php\/wp-json\/wp\/v2\/comments?post=141"}],"wp:featuredmedia":[{"embeddable":true,"href":"https:\/\/prej-duarve.com\/index.php\/wp-json\/wp\/v2\/media\/363"}],"wp:attachment":[{"href":"https:\/\/prej-duarve.com\/index.php\/wp-json\/wp\/v2\/media?parent=141"}],"wp:term":[{"taxonomy":"product_brand","embeddable":true,"href":"https:\/\/prej-duarve.com\/index.php\/wp-json\/wp\/v2\/product_brand?post=141"},{"taxonomy":"product_cat","embeddable":true,"href":"https:\/\/prej-duarve.com\/index.php\/wp-json\/wp\/v2\/product_cat?post=141"},{"taxonomy":"product_tag","embeddable":true,"href":"https:\/\/prej-duarve.com\/index.php\/wp-json\/wp\/v2\/product_tag?post=141"}],"curies":[{"name":"wp","href":"https:\/\/api.w.org\/{rel}","templated":true}]}}