{"id":575,"date":"2025-02-16T20:22:11","date_gmt":"2025-02-16T20:22:11","guid":{"rendered":"https:\/\/prej-duarve.com\/?post_type=product&#038;p=575"},"modified":"2025-02-17T17:24:27","modified_gmt":"2025-02-17T17:24:27","slug":"kafshet-2","status":"publish","type":"product","link":"https:\/\/prej-duarve.com\/index.php\/product\/kafshet-2\/","title":{"rendered":"Kafsh\u00ebt"},"content":{"rendered":"<p>P\u00ebrmasat:<\/p>\n<p>Variojn\u00eb<\/p>\n","protected":false},"excerpt":{"rendered":"<p>\u201cKafsh\u00ebt\u201d \u00ebsht\u00eb nj\u00eb vazo e ve\u00e7ant\u00eb, e krijuar ne shembelltyren e miq\u00ebve tan\u00eb m\u00eb besnik\u00eb \u2013 kafsh\u00ebt sht\u00ebpiake pjes\u00eb te familjes. Qoft\u00eb nj\u00eb qen besnik, nj\u00eb mace lozonjare, nj\u00eb zog k\u00ebng\u00ebtar apo edhe nj\u00eb elefant simbolik, secila vazo \u00ebsht\u00eb punuar me dashuri p\u00ebr t\u00eb reflektuar shpirtin dhe karakterin unik t\u00eb kafsh\u00ebs suaj t\u00eb zemr\u00ebs. Nj\u00eb kujtim i rendesishem per lidhjen e ve\u00e7ant\u00eb midis njeriut dhe kafsh\u00ebs, \u201cKafsh\u00ebt\u201d ju rikujtojne se dikush e pret me padurim kthimin tuaj ne shtepi, duke ruajtur me eleganc\u00eb kujtimet e \u00e7muara t\u00eb nj\u00eb shoq\u00ebrie t\u00eb paz\u00ebvend\u00ebsueshme.<\/p>\n","protected":false},"featured_media":30,"comment_status":"open","ping_status":"closed","template":"","meta":[],"product_brand":[],"product_cat":[23,24],"product_tag":[],"class_list":{"0":"post-575","1":"product","2":"type-product","3":"status-publish","4":"has-post-thumbnail","6":"product_cat-produktet","7":"product_cat-vazo","9":"first","10":"instock","11":"shipping-taxable","12":"purchasable","13":"product-type-simple"},"_links":{"self":[{"href":"https:\/\/prej-duarve.com\/index.php\/wp-json\/wp\/v2\/product\/575","targetHints":{"allow":["GET"]}}],"collection":[{"href":"https:\/\/prej-duarve.com\/index.php\/wp-json\/wp\/v2\/product"}],"about":[{"href":"https:\/\/prej-duarve.com\/index.php\/wp-json\/wp\/v2\/types\/product"}],"replies":[{"embeddable":true,"href":"https:\/\/prej-duarve.com\/index.php\/wp-json\/wp\/v2\/comments?post=575"}],"wp:featuredmedia":[{"embeddable":true,"href":"https:\/\/prej-duarve.com\/index.php\/wp-json\/wp\/v2\/media\/30"}],"wp:attachment":[{"href":"https:\/\/prej-duarve.com\/index.php\/wp-json\/wp\/v2\/media?parent=575"}],"wp:term":[{"taxonomy":"product_brand","embeddable":true,"href":"https:\/\/prej-duarve.com\/index.php\/wp-json\/wp\/v2\/product_brand?post=575"},{"taxonomy":"product_cat","embeddable":true,"href":"https:\/\/prej-duarve.com\/index.php\/wp-json\/wp\/v2\/product_cat?post=575"},{"taxonomy":"product_tag","embeddable":true,"href":"https:\/\/prej-duarve.com\/index.php\/wp-json\/wp\/v2\/product_tag?post=575"}],"curies":[{"name":"wp","href":"https:\/\/api.w.org\/{rel}","templated":true}]}}